{"id":141,"date":"2021-10-12T09:01:48","date_gmt":"2021-10-12T09:01:48","guid":{"rendered":"https:\/\/meatus.se\/about-us\/"},"modified":"2022-10-25T07:57:48","modified_gmt":"2022-10-25T07:57:48","slug":"about-us","status":"publish","type":"page","link":"https:\/\/meatus.se\/en\/about-us\/","title":{"rendered":"About us"},"content":{"rendered":"\n<p>BBQ \u00e4r en tillagningsmetod d\u00e4r man anv\u00e4nder indirekt v\u00e4rme och r\u00f6k f\u00f6r att tillaga maten. Idag ser vi barbecue som n\u00e5got av det mest amerikanska som finns och n\u00e4stan alla delstater har sin specifika stil p\u00e5 vilket s\u00e4tt man tillagar maten p\u00e5 grillen. H\u00e4r p\u00e5 Meat us inspireras vi fr\u00e4mst av den amerikanska s\u00f6dern med lite sp\u00e4nnande lokala inslag.<\/p>\n","protected":false},"excerpt":{"rendered":"<p>BBQ \u00e4r en tillagningsmetod d\u00e4r man anv\u00e4nder indirekt v\u00e4rme och r\u00f6k f\u00f6r att tillaga maten. Idag ser vi barbecue som n\u00e5got av det mest amerikanska som finns och n\u00e4stan alla delstater har sin specifika stil p\u00e5 vilket s\u00e4tt man tillagar maten p\u00e5 grillen. H\u00e4r p\u00e5 Meat us inspireras vi fr\u00e4mst av den amerikanska s\u00f6dern med [&hellip;]<\/p>\n","protected":false},"author":2,"featured_media":0,"parent":0,"menu_order":3,"comment_status":"closed","ping_status":"closed","template":"","meta":{"footnotes":""},"class_list":["post-141","page","type-page","status-publish","hentry"],"_links":{"self":[{"href":"https:\/\/meatus.se\/en\/wp-json\/wp\/v2\/pages\/141","targetHints":{"allow":["GET"]}}],"collection":[{"href":"https:\/\/meatus.se\/en\/wp-json\/wp\/v2\/pages"}],"about":[{"href":"https:\/\/meatus.se\/en\/wp-json\/wp\/v2\/types\/page"}],"author":[{"embeddable":true,"href":"https:\/\/meatus.se\/en\/wp-json\/wp\/v2\/users\/2"}],"replies":[{"embeddable":true,"href":"https:\/\/meatus.se\/en\/wp-json\/wp\/v2\/comments?post=141"}],"version-history":[{"count":2,"href":"https:\/\/meatus.se\/en\/wp-json\/wp\/v2\/pages\/141\/revisions"}],"predecessor-version":[{"id":208,"href":"https:\/\/meatus.se\/en\/wp-json\/wp\/v2\/pages\/141\/revisions\/208"}],"wp:attachment":[{"href":"https:\/\/meatus.se\/en\/wp-json\/wp\/v2\/media?parent=141"}],"curies":[{"name":"wp","href":"https:\/\/api.w.org\/{rel}","templated":true}]}}